{"id":61,"date":"2021-03-30T16:07:57","date_gmt":"2021-03-30T15:07:57","guid":{"rendered":"https:\/\/christianebrandon.com\/?page_id=61"},"modified":"2023-10-08T16:42:22","modified_gmt":"2023-10-08T15:42:22","slug":"a-propos","status":"publish","type":"page","link":"https:\/\/christianebrandon.com\/index.php\/a-propos\/","title":{"rendered":"A propos"},"content":{"rendered":"\n<div style=\"height:57px\" aria-hidden=\"true\" class=\"wp-block-spacer\"><\/div>\n\n\n\n<div class=\"wp-block-media-text alignwide is-stacked-on-mobile\"><figure class=\"wp-block-media-text__media\"><a href=\"https:\/\/www.facebook.com\/profile.php?id=100016173765630\"><img loading=\"lazy\" decoding=\"async\" width=\"753\" height=\"1024\" src=\"https:\/\/christianebrandon.com\/wp-content\/uploads\/2021\/04\/20160417_194214-1-753x1024.jpg\" alt=\"\" class=\"wp-image-85 size-full\" srcset=\"https:\/\/christianebrandon.com\/wp-content\/uploads\/2021\/04\/20160417_194214-1-753x1024.jpg 753w, https:\/\/christianebrandon.com\/wp-content\/uploads\/2021\/04\/20160417_194214-1-221x300.jpg 221w, https:\/\/christianebrandon.com\/wp-content\/uploads\/2021\/04\/20160417_194214-1-768x1044.jpg 768w, https:\/\/christianebrandon.com\/wp-content\/uploads\/2021\/04\/20160417_194214-1-1130x1536.jpg 1130w, https:\/\/christianebrandon.com\/wp-content\/uploads\/2021\/04\/20160417_194214-1-1140x1550.jpg 1140w, https:\/\/christianebrandon.com\/wp-content\/uploads\/2021\/04\/20160417_194214-1.jpg 1216w\" sizes=\"auto, (max-width: 753px) 100vw, 753px\" \/><\/a><\/figure><div class=\"wp-block-media-text__content\">\n<p class=\"has-black-color has-text-color has-medium-font-size\">Christiane Brandon est n\u00e9e le 22 novembre 1964 en r\u00e9gion parisienne, derni\u00e8re venue d\u2019une famille ouvri\u00e8re compos\u00e9e de deux autres filles.<br>Cette petite boule d\u2019\u00e9nergie est devenue fan de Claude Fran\u00e7ois \u00e0 l\u2019\u00e2ge de 3 ans, imitant les clodettes devant la t\u00e9l\u00e9vision ! <\/p>\n\n\n\n<p class=\"has-black-color has-text-color has-medium-font-size\">Elle grandit donc dans l\u2019univers de son idole, jusqu\u2019au jour tragique du 11 mars 1978\u2026 Elle qui n\u2019\u00e9coutait jamais la radio le samedi, pr\u00e9f\u00e9rant ses 45 tours, d\u00e9cida ce jour l\u00e0 d\u2019allumer le poste et appris ainsi la terrible nouvelle en m\u00eame temps que la plupart des fran\u00e7ais. Christiane commen\u00e7a par la suite \u00e0 \u00e9crire dans des cahiers la vie du chanteur, cherchant des articles de presse, \u00e9coutant les \u00e9missions de radios pour avoir le plus de t\u00e9moignages possible afin de garder un souvenir de son \u00e9toile morte. <\/p>\n\n\n\n<p class=\"has-black-color has-text-color has-medium-font-size\">Finalement, la biographie se retrouva rang\u00e9e dans une mallette pendant tr\u00e8s longtemps et Christiane entra dans la vie active. C\u2019est ainsi qu\u2019elle devient employ\u00e9e de maison. Puis, le 29 novembre 1998 elle mis au monde son unique fille, Alexandra. <\/p>\n\n\n\n<p class=\"has-black-color has-text-color has-medium-font-size\">Une fois adolescente, elle l\u2019encouragea \u00e0 publier son ouvrage. C&rsquo;est de cette fa\u00e7on qu&rsquo;est n\u00e9e la premi\u00e8re biographie de Christiane Brandon, intitul\u00e9e <a href=\"https:\/\/christianebrandon.com\/index.php\/claude-francois-notre-idole-notre-tout\/\" title=\"Claude Fran\u00e7ois, Notre idole Notre tout\">Claude Fran\u00e7ois, Notre idole, notre tout.<\/a> La passion de l&rsquo;\u00e9criture \u00e9tant toujours pr\u00e9sente, elle souhaite devenir biographe \u00e0 temps plein. En 2023 Christiane renouvelle l&rsquo;exp\u00e9rience avec un nouveau livre : <a href=\"https:\/\/christianebrandon.com\/index.php\/alain-delon-notre-idole-notre-tout\/\" title=\"Alain Delon, Notre idole Notre tout\">Alain Delon, Notre idole, Notre tout<\/a>. L\u2019avenir nous racontera la suite de l\u2019histoire de l\u2019auteur\u2026<\/p>\n<\/div><\/div>\n\n\n\n<div style=\"height:57px\" aria-hidden=\"true\" class=\"wp-block-spacer\"><\/div>\n\n\n\n<blockquote class=\"wp-block-quote is-style-large is-layout-flow wp-block-quote-is-layout-flow\">\n<p>Rendre hommage \u00e0 mon idole de cette fa\u00e7on, c&rsquo;est magnifique. C&rsquo;est un partage de la culture fran\u00e7aise.<br><\/p>\n<cite>Christiane Brandon<\/cite><\/blockquote>\n\n\n\n<div style=\"height:57px\" aria-hidden=\"true\" class=\"wp-block-spacer\"><\/div>\n\n\n\n<h4 class=\"wp-block-heading\">Quelques questions&#8230; <\/h4>\n\n\n\n<div style=\"height:57px\" aria-hidden=\"true\" class=\"wp-block-spacer\"><\/div>\n\n\n\n<p class=\"has-black-color has-text-color has-medium-font-size\"><\/p>\n\n\n\n<p class=\"has-black-color has-text-color has-medium-font-size\"><strong>Comment avez-vous eu l&rsquo;id\u00e9e d&rsquo;\u00e9crire un tel ouvrage ?<\/strong><br><em>A la mort de Claude, j&rsquo;avais 13 ans, j&rsquo;ai voulu garder un souvenir de mon idole. Cependant, je ne suis pas le genre de fans qui collectionnent tout alors je me suis mise \u00e0 retranscrire ce que les m\u00e9dias disaient sur lui.<\/em><\/p>\n\n\n\n<div style=\"height:49px\" aria-hidden=\"true\" class=\"wp-block-spacer\"><\/div>\n\n\n\n<p class=\"has-black-color has-text-color has-medium-font-size\"><strong>Que comptez-vous faire par la suite ?<\/strong><br><em>Emmener mes biographies le plus loin possible et \u00e9crire pour d&rsquo;autres artistes.<\/em><\/p>\n\n\n\n<div style=\"height:49px\" aria-hidden=\"true\" class=\"wp-block-spacer\"><\/div>\n\n\n\n<p class=\"has-black-color has-text-color has-medium-font-size\"><strong>Alexandra, vous \u00eates sa fille. C&rsquo;est vous qui avez d\u00e9cid\u00e9 d&rsquo;\u00e9diter la biographie. Comment cela s&rsquo;est-il pass\u00e9 ?<\/strong><br><em>Parfois elle me parlait de livres d\u2019\u00e9cole dans lequel elle avait retrac\u00e9 la vie de CF mais j&rsquo;\u00e9tais trop petite pour comprendre l&rsquo;ampleur de son travail. Jusqu&rsquo;au jour, une fois ado, o\u00f9 j&rsquo;ai vu ces fameux cahiers. J&rsquo;ai tout de suite voulu les faire \u00e9diter, elle ne devait pas garder \u00e7a pour elle.<\/em><\/p>\n\n\n\n<div style=\"height:49px\" aria-hidden=\"true\" class=\"wp-block-spacer\"><\/div>\n\n\n\n<p class=\"has-black-color has-text-color has-medium-font-size\"><strong>Quelles ont \u00e9t\u00e9 vos pens\u00e9es quand la trilogie est sortie ?<\/strong><br><em>J&rsquo;\u00e9tais heureuse et fi\u00e8re. Je me suis dis \u00ab\u00a0\u00e7a y est, le plus dur est derri\u00e8re nous\u00a0\u00bb. J&rsquo;y ai vu la possibilit\u00e9 d&rsquo;un avenir meilleur pour ma m\u00e8re, d&rsquo;un changement de vie radical.<\/em><\/p>\n\n\n\n<div style=\"height:49px\" aria-hidden=\"true\" class=\"wp-block-spacer\"><\/div>\n\n\n<div class=\"wp-block-image\">\n<figure class=\"aligncenter size-large\"><a href=\"https:\/\/christianebrandon.com\/index.php\/claude-francois-notre-idole-notre-tout\/\"><img loading=\"lazy\" decoding=\"async\" width=\"1024\" height=\"482\" src=\"https:\/\/christianebrandon.com\/wp-content\/uploads\/2021\/04\/image1-1-1024x482.jpg\" alt=\"\" class=\"wp-image-110\" srcset=\"https:\/\/christianebrandon.com\/wp-content\/uploads\/2021\/04\/image1-1-1024x482.jpg 1024w, https:\/\/christianebrandon.com\/wp-content\/uploads\/2021\/04\/image1-1-300x141.jpg 300w, https:\/\/christianebrandon.com\/wp-content\/uploads\/2021\/04\/image1-1-768x362.jpg 768w, https:\/\/christianebrandon.com\/wp-content\/uploads\/2021\/04\/image1-1-1536x723.jpg 1536w, https:\/\/christianebrandon.com\/wp-content\/uploads\/2021\/04\/image1-1-2048x964.jpg 2048w, https:\/\/christianebrandon.com\/wp-content\/uploads\/2021\/04\/image1-1-1140x537.jpg 1140w\" sizes=\"auto, (max-width: 1024px) 100vw, 1024px\" \/><\/a><\/figure>\n<\/div>\n\n\n<p><\/p>\n","protected":false},"excerpt":{"rendered":"<p>Christiane Brandon est n\u00e9e le 22 novembre 1964 en r\u00e9gion parisienne, derni\u00e8re venue d\u2019une famille ouvri\u00e8re compos\u00e9e de deux autres filles.Cette petite boule d\u2019\u00e9nergie est devenue fan de Claude Fran\u00e7ois \u00e0 l\u2019\u00e2ge de 3 ans, imitant les clodettes devant la t\u00e9l\u00e9vision ! Elle grandit donc dans l\u2019univers de son idole, jusqu\u2019au jour tragique du 11 mars 1978\u2026 Elle qui n\u2019\u00e9coutait jamais la radio le samedi, pr\u00e9f\u00e9rant ses 45 tours, d\u00e9cida ce jour l\u00e0 d\u2019allumer le poste et appris ainsi la terrible nouvelle en m\u00eame temps que la plupart des fran\u00e7ais. Christiane commen\u00e7a par la suite \u00e0 \u00e9crire dans des cahiers la vie du chanteur, cherchant des articles de presse, \u00e9coutant les \u00e9missions de radios pour avoir le plus de t\u00e9moignages possible afin de garder un souvenir de son \u00e9toile morte. Finalement, la biographie se retrouva rang\u00e9e dans une mallette pendant tr\u00e8s longtemps et Christiane entra dans la vie active. C\u2019est ainsi qu\u2019elle devient employ\u00e9e de maison. Puis, le 29 novembre 1998 elle mis au monde son unique fille, Alexandra. Une fois adolescente, elle l\u2019encouragea \u00e0 publier son ouvrage. C&rsquo;est de cette fa\u00e7on qu&rsquo;est n\u00e9e la premi\u00e8re biographie de Christiane Brandon, intitul\u00e9e Claude Fran\u00e7ois, Notre idole, notre tout. La passion de l&rsquo;\u00e9criture \u00e9tant toujours pr\u00e9sente, elle souhaite devenir biographe \u00e0 temps plein. En 2023 Christiane renouvelle l&rsquo;exp\u00e9rience avec un nouveau livre : Alain Delon, Notre idole, Notre tout. L\u2019avenir nous racontera la suite de l\u2019histoire de l\u2019auteur\u2026 Rendre hommage \u00e0 mon idole de cette fa\u00e7on, c&rsquo;est magnifique. C&rsquo;est un partage de la culture fran\u00e7aise. Christiane Brandon Quelques questions&#8230; Comment avez-vous eu l&rsquo;id\u00e9e d&rsquo;\u00e9crire un tel ouvrage ?A la mort de Claude, j&rsquo;avais 13 ans, j&rsquo;ai voulu garder un souvenir de mon idole. Cependant, je ne suis pas le genre de fans qui collectionnent tout alors je me suis mise \u00e0 retranscrire ce que les m\u00e9dias disaient sur lui. Que comptez-vous faire par la suite ?Emmener mes biographies le plus loin possible et \u00e9crire pour d&rsquo;autres artistes. Alexandra, vous \u00eates sa fille. C&rsquo;est vous qui avez d\u00e9cid\u00e9 d&rsquo;\u00e9diter la biographie. Comment cela s&rsquo;est-il pass\u00e9 ?Parfois elle me parlait de livres d\u2019\u00e9cole dans lequel elle avait retrac\u00e9 la vie de CF mais j&rsquo;\u00e9tais trop petite pour comprendre l&rsquo;ampleur de son travail. Jusqu&rsquo;au jour, une fois ado, o\u00f9 j&rsquo;ai vu ces fameux cahiers. J&rsquo;ai tout de suite voulu les faire \u00e9diter, elle ne devait pas garder \u00e7a pour elle. Quelles ont \u00e9t\u00e9 vos pens\u00e9es quand la trilogie est sortie ?J&rsquo;\u00e9tais heureuse et fi\u00e8re. Je me suis dis \u00ab\u00a0\u00e7a y est, le plus dur est derri\u00e8re nous\u00a0\u00bb. J&rsquo;y ai vu la possibilit\u00e9 d&rsquo;un avenir meilleur pour ma m\u00e8re, d&rsquo;un changement de vie radical.<\/p>\n","protected":false},"author":1,"featured_media":0,"parent":0,"menu_order":0,"comment_status":"closed","ping_status":"closed","template":"","meta":{"_monsterinsights_skip_tracking":false,"_monsterinsights_sitenote_active":false,"_monsterinsights_sitenote_note":"","_monsterinsights_sitenote_category":0,"footnotes":""},"class_list":["post-61","page","type-page","status-publish","hentry"],"aioseo_notices":[],"_links":{"self":[{"href":"https:\/\/christianebrandon.com\/index.php\/wp-json\/wp\/v2\/pages\/61","targetHints":{"allow":["GET"]}}],"collection":[{"href":"https:\/\/christianebrandon.com\/index.php\/wp-json\/wp\/v2\/pages"}],"about":[{"href":"https:\/\/christianebrandon.com\/index.php\/wp-json\/wp\/v2\/types\/page"}],"author":[{"embeddable":true,"href":"https:\/\/christianebrandon.com\/index.php\/wp-json\/wp\/v2\/users\/1"}],"replies":[{"embeddable":true,"href":"https:\/\/christianebrandon.com\/index.php\/wp-json\/wp\/v2\/comments?post=61"}],"version-history":[{"count":14,"href":"https:\/\/christianebrandon.com\/index.php\/wp-json\/wp\/v2\/pages\/61\/revisions"}],"predecessor-version":[{"id":460,"href":"https:\/\/christianebrandon.com\/index.php\/wp-json\/wp\/v2\/pages\/61\/revisions\/460"}],"wp:attachment":[{"href":"https:\/\/christianebrandon.com\/index.php\/wp-json\/wp\/v2\/media?parent=61"}],"curies":[{"name":"wp","href":"https:\/\/api.w.org\/{rel}","templated":true}]}}