{"id":461,"date":"2023-10-08T17:03:32","date_gmt":"2023-10-08T16:03:32","guid":{"rendered":"https:\/\/christianebrandon.com\/?page_id=461"},"modified":"2023-10-08T18:27:28","modified_gmt":"2023-10-08T17:27:28","slug":"mes-livres","status":"publish","type":"page","link":"https:\/\/christianebrandon.com\/index.php\/mes-livres\/","title":{"rendered":"Mes livres"},"content":{"rendered":"\n<div style=\"height:73px\" aria-hidden=\"true\" class=\"wp-block-spacer\"><\/div>\n\n\n<div class=\"n2-section-smartslider fitvidsignore  n2_clear\" data-ssid=\"2\"><div id=\"n2-ss-2-align\" class=\"n2-ss-align\"><div class=\"n2-padding\"><div id=\"n2-ss-2\" data-creator=\"Smart Slider 3\" data-responsive=\"auto\" class=\"n2-ss-slider n2-ow n2-has-hover n2notransition  \">\n\n\n\n<div class=\"n2-ss-slider-wrapper-inside\">\n        <div class=\"n2-ss-slider-1 n2_ss__touch_element n2-ow\">\n            <div class=\"n2-ss-slider-2 n2-ow\">\n                                                <div class=\"n2-ss-slider-3 n2-ow\">\n\n                    <div class=\"n2-ss-slide-backgrounds n2-ow-all\"><div class=\"n2-ss-slide-background\" data-public-id=\"1\" data-mode=\"fill\"><div data-color=\"RGBA(0,0,0,1)\" style=\"background-color: RGBA(0,0,0,1);\" class=\"n2-ss-slide-background-color\"><\/div><\/div><div class=\"n2-ss-slide-background\" data-public-id=\"2\" data-mode=\"fill\" aria-hidden=\"true\"><div data-color=\"RGBA(0,0,0,1)\" style=\"background-color: RGBA(0,0,0,1);\" class=\"n2-ss-slide-background-color\"><\/div><\/div><\/div>                    <div class=\"n2-ss-slider-4 n2-ow\">\n                        <svg xmlns=\"http:\/\/www.w3.org\/2000\/svg\" viewBox=\"0 0 1200 600\" data-related-device=\"desktopPortrait\" class=\"n2-ow n2-ss-preserve-size n2-ss-preserve-size--slider n2-ss-slide-limiter\"><\/svg><div data-first=\"1\" data-slide-duration=\"0\" data-id=\"3\" data-slide-public-id=\"1\" data-title=\"Alain Delon : Notre idole, Notre tout\" class=\"n2-ss-slide n2-ow  n2-ss-slide-3\"><div role=\"note\" class=\"n2-ss-slide--focus\" tabindex=\"-1\">Alain Delon : Notre idole, Notre tout<\/div><div class=\"n2-ss-layers-container n2-ss-slide-limiter n2-ow\"><div class=\"n2-ss-layer n2-ow n-uc-rOpt7oTrqtNF\" data-sstype=\"slide\" data-pm=\"default\"><div class=\"n2-ss-layer n2-ow n-uc-FipT30NpCRqN\" data-pm=\"default\" data-sstype=\"content\" data-hasbackground=\"1\"><div class=\"n2-ss-section-main-content n2-ss-layer-with-background n2-ss-layer-content n2-ow n-uc-FipT30NpCRqN-inner\"><div class=\"n2-ss-layer n2-ow n-uc-UipwjCSJiOdb\" data-pm=\"normal\" data-sstype=\"layer\"><div id=\"n2-ss-2item1\" class=\"n2-font-c585e11820b4064788f3a259bcacbeb0-hover   n2-ss-item-content n2-ss-text n2-ow\" style=\"display:block;\">Alain Delon : Notre idole, Notre tout<\/div><\/div><div class=\"n2-ss-layer n2-ow n2-ss-layer--block n2-ss-has-self-align n-uc-16fd79b4f8437\" data-pm=\"normal\" data-sstype=\"row\"><div class=\"n2-ss-layer-row n2-ss-layer-with-background n-uc-16fd79b4f8437-inner\"><div class=\"n2-ss-layer-row-inner \"><div class=\"n2-ss-layer n2-ow n-uc-197917c90baf5\" data-pm=\"default\" data-sstype=\"col\"><div class=\"n2-ss-layer-col n2-ss-layer-with-background n2-ss-layer-content n-uc-197917c90baf5-inner\"><div class=\"n2-ss-layer n2-ow n-uc-2MDmvO5Oc4zU\" data-pm=\"normal\" data-sstype=\"layer\"><div class=\" n2-ss-item-image-content n2-ss-item-content n2-ow-all\"><a href=\"https:\/\/christianebrandon.com\/index.php\/alain-delon-notre-idole-notre-tout\/\"><img loading=\"lazy\" decoding=\"async\" id=\"n2-ss-2item2\" alt=\"\" class=\"skip-lazy\" width=\"1662\" height=\"2560\" data-skip-lazy=\"1\" src=\"\/\/christianebrandon.com\/wp-content\/uploads\/2023\/10\/5195-couv_recto-scaled.jpg\" \/><\/a><\/div><\/div><\/div><\/div><div class=\"n2-ss-layer n2-ow n-uc-1bcebff6f8ad7\" data-pm=\"default\" data-sstype=\"col\"><div class=\"n2-ss-layer-col n2-ss-layer-with-background n2-ss-layer-content n-uc-1bcebff6f8ad7-inner\"><div class=\"n2-ss-layer n2-ow n-uc-0M5j923jVmn8\" data-pm=\"normal\" data-sstype=\"layer\"><div class=\"n2-ss-item-content n2-ss-text n2-ow-all\"><div class=\"\"><p class=\"n2-font-beaabbe6380e2c489fea75b649b5d52a-paragraph   \">Qui est le vrai Alain Delon ?<br \/>\nQuel homme se cache derri\u00e8re ce personnage \u00e0 l\u2019allure confiante ?<br \/>\nC\u2019est ce que les lecteurs d\u00e9couvriront au fur et \u00e0 mesure qu\u2019ils tourneront les pages de cette biographie.<br \/>\nChristiane Brandon y narre la vie, publique et priv\u00e9e, d\u2019Alain Delon, sa carri\u00e8re riche, d\u2019acteur, de producteur et de r\u00e9alisateur.<br \/>\nElle s\u2019int\u00e9resse aux femmes qui ont compt\u00e9 dans son c\u0153ur et \u00e0 ses enfants.<br \/>\nElle retrace l\u2019affaire Markovic \u00e0 l\u2019aide d\u2019archives judiciaires et journalistiques.<br \/>\nEnfin, elle nous livre des t\u00e9moignages exclusifs de personnes ayant c\u00f4toy\u00e9 l\u2019acteur.<\/p>\n<\/div><\/div><\/div><div class=\"n2-ss-layer n2-ow n-uc-TaRwR3O05fvh n2-ss-layer--auto\" data-pm=\"normal\" data-sstype=\"layer\"><div class=\"n2-ss-button-container n2-ss-item-content n2-ow n2-font-a1ee8fc791a55e0ee494e49f0171b119-link  n2-ss-nowrap n2-ss-button-container--non-full-width\"><a class=\"n2-style-2cfd2a7621e3d83a1f028d3f7c6dc6fe-heading  n2-ow \" href=\"https:\/\/christianebrandon.com\/index.php\/alain-delon-notre-idole-notre-tout\/\"><div><div>En savoir plus<\/div><\/div><\/a><\/div><\/div><\/div><\/div><\/div><\/div><\/div><\/div><\/div><\/div><\/div><\/div><div data-slide-duration=\"0\" data-id=\"4\" data-slide-public-id=\"2\" aria-hidden=\"true\" data-title=\"Claude Fran\u00e7ois : Notre idole, Notre tout\" class=\"n2-ss-slide n2-ow  n2-ss-slide-4\"><div role=\"note\" class=\"n2-ss-slide--focus\" tabindex=\"-1\">Claude Fran\u00e7ois : Notre idole, Notre tout<\/div><div class=\"n2-ss-layers-container n2-ss-slide-limiter n2-ow\"><div class=\"n2-ss-layer n2-ow n-uc-qPJcdQNLgC8l\" data-sstype=\"slide\" data-pm=\"default\"><div class=\"n2-ss-layer n2-ow n-uc-ioNMKBX7Zueo\" data-pm=\"default\" data-sstype=\"content\" data-hasbackground=\"1\"><div class=\"n2-ss-section-main-content n2-ss-layer-with-background n2-ss-layer-content n2-ow n-uc-ioNMKBX7Zueo-inner\"><div class=\"n2-ss-layer n2-ow n-uc-oZm5jaKgrX83\" data-pm=\"normal\" data-sstype=\"layer\"><div id=\"n2-ss-2item5\" class=\"n2-font-c585e11820b4064788f3a259bcacbeb0-hover   n2-ss-item-content n2-ss-text n2-ow\" style=\"display:block;\">Claude Fran\u00e7ois : Notre idole, Notre tout<\/div><\/div><div class=\"n2-ss-layer n2-ow n2-ss-layer--block n2-ss-has-self-align n-uc-jhsxdKsQgzH0\" data-pm=\"normal\" data-sstype=\"row\"><div class=\"n2-ss-layer-row n2-ss-layer-with-background n-uc-jhsxdKsQgzH0-inner\"><div class=\"n2-ss-layer-row-inner \"><div class=\"n2-ss-layer n2-ow n-uc-ON8AtNG8RCyG\" data-pm=\"default\" data-sstype=\"col\"><div class=\"n2-ss-layer-col n2-ss-layer-with-background n2-ss-layer-content n-uc-ON8AtNG8RCyG-inner\"><div class=\"n2-ss-layer n2-ow n-uc-2qHvPr2hp07Z\" data-pm=\"normal\" data-sstype=\"layer\"><div class=\" n2-ss-item-image-content n2-ss-item-content n2-ow-all\"><a style=\"width:100%\" href=\"https:\/\/christianebrandon.com\/index.php\/claude-francois-notre-idole-notre-tout\/\"><img decoding=\"async\" id=\"n2-ss-2item6\" alt=\"\" class=\"skip-lazy\" style=\"width:100%;height:100%\" loading=\"lazy\" width=\"404\" height=\"575\" data-skip-lazy=\"1\" src=\"\/\/christianebrandon.com\/wp-content\/uploads\/2021\/04\/1ere-de-couverture2.png\" \/><\/a><\/div><\/div><\/div><\/div><div class=\"n2-ss-layer n2-ow n-uc-YwPZC4M4GRqg\" data-pm=\"default\" data-sstype=\"col\"><div class=\"n2-ss-layer-col n2-ss-layer-with-background n2-ss-layer-content n-uc-YwPZC4M4GRqg-inner\"><div class=\"n2-ss-layer n2-ow n-uc-OuFNXtYLZGz9\" data-pm=\"normal\" data-sstype=\"layer\"><div class=\"n2-ss-item-content n2-ss-text n2-ow-all\"><div class=\"\"><p class=\"n2-font-beaabbe6380e2c489fea75b649b5d52a-paragraph   \">Cette biographie en trois tomes raconte la vie, publique et priv\u00e9e, du chanteur \u00e0 travers les moments les plus importants de sa vie dont son arriv\u00e9e en France.<br \/>\nNous verrons \u00e9galement les \u00e9v\u00e9nements apr\u00e8s son d\u00e9c\u00e8s.<br \/>\nVous retrouverez Janet, Isabelle, Kathleen, Coco et Marc ainsi que les clodettes et ses plus grands succ\u00e8s.<br \/>\nCette biographie est \u00e9galement un condens\u00e9 de t\u00e9moignages et d&rsquo;archives. Par exemple, venez dialoguer avec Michel Sardou, Michel Drucker, Johny Halliday et Sylvie Vartan ainsi que Nicole Fusil et Paul Ledermann.<br \/>\nCeux-ci vous d\u00e9voileront les projets qu\u2019ils auraient d\u00fb faire avec Claude Fran\u00e7ois.<\/p>\n<\/div><\/div><\/div><div class=\"n2-ss-layer n2-ow n-uc-wnicpgGKQTkp n2-ss-layer--auto\" data-pm=\"normal\" data-sstype=\"layer\"><div class=\"n2-ss-button-container n2-ss-item-content n2-ow n2-font-a1ee8fc791a55e0ee494e49f0171b119-link  n2-ss-nowrap n2-ss-button-container--non-full-width\"><a class=\"n2-style-2cfd2a7621e3d83a1f028d3f7c6dc6fe-heading  n2-ow \" href=\"https:\/\/christianebrandon.com\/index.php\/claude-francois-notre-idole-notre-tout\/\"><div><div>En savoir plus<\/div><\/div><\/a><\/div><\/div><\/div><\/div><\/div><\/div><\/div><\/div><\/div><\/div><\/div><\/div>                    <\/div>\n\n                                    <\/div>\n            <\/div>\n        <\/div>\n        <div class=\"n2-ss-slider-controls n2-ss-slider-controls-absolute-left-center\"><div style=\"--widget-offset:10px;\" class=\"n2-ss-widget nextend-arrow n2-ow-all nextend-arrow-previous  nextend-arrow-animated-fade\" data-hide-mobileportrait=\"1\" id=\"n2-ss-2-arrow-previous\" role=\"button\" aria-label=\"previous arrow\" tabindex=\"0\"><img loading=\"lazy\" decoding=\"async\" width=\"32\" height=\"32\" class=\"skip-lazy\" data-skip-lazy=\"1\" src=\"data:image\/svg+xml;base64,PHN2ZyB3aWR0aD0iMzIiIGhlaWdodD0iMzIiIHZpZXdCb3g9IjAgMCAzMiAzMiIgeG1sbnM9Imh0dHA6Ly93d3cudzMub3JnLzIwMDAvc3ZnIj4KICAgIDxwYXRoIGQ9Ik0xMS40MzMgMTUuOTkyTDIyLjY5IDUuNzEyYy4zOTMtLjM5LjM5My0xLjAzIDAtMS40Mi0uMzkzLS4zOS0xLjAzLS4zOS0xLjQyMyAwbC0xMS45OCAxMC45NGMtLjIxLjIxLS4zLjQ5LS4yODUuNzYtLjAxNS4yOC4wNzUuNTYuMjg0Ljc3bDExLjk4IDEwLjk0Yy4zOTMuMzkgMS4wMy4zOSAxLjQyNCAwIC4zOTMtLjQuMzkzLTEuMDMgMC0xLjQybC0xMS4yNTctMTAuMjkiCiAgICAgICAgICBmaWxsPSIjMDAwMDAwIiBvcGFjaXR5PSIxIiBmaWxsLXJ1bGU9ImV2ZW5vZGQiLz4KPC9zdmc+\" alt=\"previous arrow\"><\/div><\/div><div class=\"n2-ss-slider-controls n2-ss-slider-controls-absolute-right-center\"><div style=\"--widget-offset:10px;\" class=\"n2-ss-widget nextend-arrow n2-ow-all nextend-arrow-next  nextend-arrow-animated-fade\" data-hide-mobileportrait=\"1\" id=\"n2-ss-2-arrow-next\" role=\"button\" aria-label=\"next arrow\" tabindex=\"0\"><img loading=\"lazy\" decoding=\"async\" width=\"32\" height=\"32\" class=\"skip-lazy\" data-skip-lazy=\"1\" src=\"data:image\/svg+xml;base64,PHN2ZyB3aWR0aD0iMzIiIGhlaWdodD0iMzIiIHZpZXdCb3g9IjAgMCAzMiAzMiIgeG1sbnM9Imh0dHA6Ly93d3cudzMub3JnLzIwMDAvc3ZnIj4KICAgIDxwYXRoIGQ9Ik0xMC43MjIgNC4yOTNjLS4zOTQtLjM5LTEuMDMyLS4zOS0xLjQyNyAwLS4zOTMuMzktLjM5MyAxLjAzIDAgMS40MmwxMS4yODMgMTAuMjgtMTEuMjgzIDEwLjI5Yy0uMzkzLjM5LS4zOTMgMS4wMiAwIDEuNDIuMzk1LjM5IDEuMDMzLjM5IDEuNDI3IDBsMTIuMDA3LTEwLjk0Yy4yMS0uMjEuMy0uNDkuMjg0LS43Ny4wMTQtLjI3LS4wNzYtLjU1LS4yODYtLjc2TDEwLjcyIDQuMjkzeiIKICAgICAgICAgIGZpbGw9IiMwMDAwMDAiIG9wYWNpdHk9IjEiIGZpbGwtcnVsZT0iZXZlbm9kZCIvPgo8L3N2Zz4=\" alt=\"next arrow\"><\/div><\/div><div class=\"n2-ss-slider-controls n2-ss-slider-controls-absolute-center-bottom\"><div style=\"--widget-offset:10px;\" class=\"n2-ss-widget n2-ss-control-bullet n2-ow-all n2-ss-control-bullet-horizontal\"><div class=\" nextend-bullet-bar n2-bar-justify-content-center\" role=\"group\" aria-label=\"Choose slide to display.\"><div class=\"n2-bullet n2-style-784c26637c7c7bd95425d13e33d82261-dot \" style=\"visibility:hidden;\"><\/div><\/div><\/div><\/div><\/div><\/div><ss3-loader><\/ss3-loader><\/div><\/div><div class=\"n2_clear\"><\/div><\/div>\n\n\n<div style=\"height:91px\" aria-hidden=\"true\" class=\"wp-block-spacer\"><\/div>\n","protected":false},"excerpt":{"rendered":"","protected":false},"author":1,"featured_media":0,"parent":0,"menu_order":0,"comment_status":"closed","ping_status":"closed","template":"","meta":{"_monsterinsights_skip_tracking":false,"_monsterinsights_sitenote_active":false,"_monsterinsights_sitenote_note":"","_monsterinsights_sitenote_category":0,"footnotes":""},"class_list":["post-461","page","type-page","status-publish","hentry"],"aioseo_notices":[],"_links":{"self":[{"href":"https:\/\/christianebrandon.com\/index.php\/wp-json\/wp\/v2\/pages\/461","targetHints":{"allow":["GET"]}}],"collection":[{"href":"https:\/\/christianebrandon.com\/index.php\/wp-json\/wp\/v2\/pages"}],"about":[{"href":"https:\/\/christianebrandon.com\/index.php\/wp-json\/wp\/v2\/types\/page"}],"author":[{"embeddable":true,"href":"https:\/\/christianebrandon.com\/index.php\/wp-json\/wp\/v2\/users\/1"}],"replies":[{"embeddable":true,"href":"https:\/\/christianebrandon.com\/index.php\/wp-json\/wp\/v2\/comments?post=461"}],"version-history":[{"count":4,"href":"https:\/\/christianebrandon.com\/index.php\/wp-json\/wp\/v2\/pages\/461\/revisions"}],"predecessor-version":[{"id":467,"href":"https:\/\/christianebrandon.com\/index.php\/wp-json\/wp\/v2\/pages\/461\/revisions\/467"}],"wp:attachment":[{"href":"https:\/\/christianebrandon.com\/index.php\/wp-json\/wp\/v2\/media?parent=461"}],"curies":[{"name":"wp","href":"https:\/\/api.w.org\/{rel}","templated":true}]}}