{"id":19,"date":"2021-03-30T15:38:28","date_gmt":"2021-03-30T14:38:28","guid":{"rendered":"https:\/\/christianebrandon.com\/?page_id=19"},"modified":"2021-07-13T18:04:13","modified_gmt":"2021-07-13T17:04:13","slug":"claude-francois-notre-idole-notre-tout","status":"publish","type":"page","link":"https:\/\/christianebrandon.com\/index.php\/claude-francois-notre-idole-notre-tout\/","title":{"rendered":"Claude Fran\u00e7ois, Notre idole Notre tout"},"content":{"rendered":"\n<div style=\"height:59px\" aria-hidden=\"true\" class=\"wp-block-spacer\"><\/div>\n\n\n\n<div class=\"wp-block-media-text alignwide is-stacked-on-mobile\" style=\"grid-template-columns:38% auto\"><figure class=\"wp-block-media-text__media\"><img loading=\"lazy\" decoding=\"async\" width=\"308\" height=\"431\" src=\"https:\/\/christianebrandon.com\/wp-content\/uploads\/2021\/04\/1ere-de-couverture1.png\" alt=\"\" class=\"wp-image-97 size-full\" srcset=\"https:\/\/christianebrandon.com\/wp-content\/uploads\/2021\/04\/1ere-de-couverture1.png 308w, https:\/\/christianebrandon.com\/wp-content\/uploads\/2021\/04\/1ere-de-couverture1-214x300.png 214w\" sizes=\"auto, (max-width: 308px) 100vw, 308px\" \/><\/figure><div class=\"wp-block-media-text__content\">\n<h4 class=\"wp-block-heading\">Tome 1: L&rsquo;univers de l&rsquo;\u00e9toile<\/h4>\n\n\n\n<p class=\"has-black-color has-text-color has-medium-font-size\">Le premier tome de cette trilogie raconte la vie, publique et priv\u00e9e, du chanteur \u00e0 travers les moments les plus importants de sa vie dont son arriv\u00e9e en France. Avec cette p\u00e9riode difficile, nous comprenons sa rage de s&rsquo;en sortir et son go\u00fbt pour la perfection.<\/p>\n\n\n\n<p class=\"has-black-color has-text-color has-medium-font-size\">Nous verrons \u00e9galement les \u00e9v\u00e9nements apr\u00e8s son d\u00e9c\u00e8s. Vous retrouverez Janet, Isabelle, Kathleen, Coco et Marc ainsi que les clodettes et ses plus grands succ\u00e8s. (Re)plongez-vous dans un univers \u00e0 la fois court, riche et dynamique.<\/p>\n<\/div><\/div>\n\n\n\n<div style=\"height:59px\" aria-hidden=\"true\" class=\"wp-block-spacer\"><\/div>\n\n\n\n<div class=\"wp-block-media-text alignwide has-media-on-the-right is-stacked-on-mobile\" style=\"grid-template-columns:auto 42%\"><figure class=\"wp-block-media-text__media\"><img loading=\"lazy\" decoding=\"async\" width=\"404\" height=\"575\" src=\"https:\/\/christianebrandon.com\/wp-content\/uploads\/2021\/04\/1ere-de-couverture2.png\" alt=\"\" class=\"wp-image-98 size-full\" srcset=\"https:\/\/christianebrandon.com\/wp-content\/uploads\/2021\/04\/1ere-de-couverture2.png 404w, https:\/\/christianebrandon.com\/wp-content\/uploads\/2021\/04\/1ere-de-couverture2-211x300.png 211w\" sizes=\"auto, (max-width: 404px) 100vw, 404px\" \/><\/figure><div class=\"wp-block-media-text__content\">\n<h4 class=\"wp-block-heading\">Tome 2: Les coulisses de sa vie<\/h4>\n\n\n\n<p class=\"has-black-color has-text-color has-medium-font-size\">Ce second tome vous r\u00e9v\u00e8le le t\u00e9moignage de la s\u0153ur de Claude Fran\u00e7ois, Josette, vous expliquant leur enfance et les d\u00e9buts de Cloclo en tant que chanteur. De m\u00eame, les trois femmes les plus importantes de sa vie donneront leur point de vue. <\/p>\n\n\n\n<p class=\"has-black-color has-text-color has-medium-font-size\">Vous (re)d\u00e9couvrirez le c\u00f4t\u00e9 \u00e0 la fois chanceux et malchanceux de l\u2019idole avec ses nombreux accidents et ses croyances mais \u00e9galement sa mort \u00e0 travers les yeux de Chouffa, sa maman. <\/p>\n\n\n\n<p class=\"has-black-color has-text-color has-medium-font-size\">Nous verrons comment ses proches ont pu concevoir leurs avenirs sans Claude. Pour finir, nous ferrons le tour de ce qu\u2019il a laiss\u00e9 au patrimoine fran\u00e7ais et la gestion de celui-ci.<\/p>\n<\/div><\/div>\n\n\n\n<div style=\"height:59px\" aria-hidden=\"true\" class=\"wp-block-spacer\"><\/div>\n\n\n\n<div class=\"wp-block-media-text alignwide is-stacked-on-mobile\" style=\"grid-template-columns:41% auto\"><figure class=\"wp-block-media-text__media\"><img loading=\"lazy\" decoding=\"async\" width=\"402\" height=\"574\" src=\"https:\/\/christianebrandon.com\/wp-content\/uploads\/2021\/04\/1ere-de-couverture3.png\" alt=\"\" class=\"wp-image-99 size-full\" srcset=\"https:\/\/christianebrandon.com\/wp-content\/uploads\/2021\/04\/1ere-de-couverture3.png 402w, https:\/\/christianebrandon.com\/wp-content\/uploads\/2021\/04\/1ere-de-couverture3-210x300.png 210w\" sizes=\"auto, (max-width: 402px) 100vw, 402px\" \/><\/figure><div class=\"wp-block-media-text__content\">\n<h4 class=\"wp-block-heading\">Tome 3: Une personnalit\u00e9 enti\u00e8re, riche et complexe<\/h4>\n\n\n\n<p class=\"has-black-color has-text-color has-medium-font-size\">Le dernier tome de Notre idole, notre tout est un condens\u00e9 de t\u00e9moignages des proches de la star, allant de ses amis \u00e0 ses collaborateurs. Par exemple, venez dialoguer avec Michel Sardou, Michel Drucker, Johny Halliday et Sylvie Vartan ainsi que Nicole Fusil et Paul Ledermann. Ceux-ci vous d\u00e9voileront les projets qu&rsquo;ils auraient d\u00fb faire avec Claude Fran\u00e7ois. De m\u00eame, certaines clodettes vous raconteront ce qu&rsquo;elles sont devenues apr\u00e8s le d\u00e9c\u00e8s de leur patron.<\/p>\n<\/div><\/div>\n\n\n\n<div style=\"height:59px\" aria-hidden=\"true\" class=\"wp-block-spacer\"><\/div>\n\n\n\n<p class=\"has-medium-font-size\"><\/p>\n\n\n\n<p class=\"has-medium-font-size\">Si vous commandez les trois tomes simultan\u00e9ment sur <a href=\"https:\/\/www.amazon.fr\/\" target=\"_blank\" rel=\"noreferrer noopener\">Amazon<\/a> ou sur la <a href=\"https:\/\/editions-sydney-laurent.fr\/brand\/christiane-brandon\/\" target=\"_blank\" rel=\"noreferrer noopener\" title=\"https:\/\/editions-sydney-laurent.fr\/brand\/christiane-brandon\/\">maison d&rsquo;\u00e9dition Sydney Laurent<\/a>, vous recevrez gratuitement le coffret collector !<\/p>\n\n\n\n<div style=\"height:62px\" aria-hidden=\"true\" class=\"wp-block-spacer\"><\/div>\n\n\n\n<div class=\"wp-block-image\"><figure class=\"aligncenter size-large\"><a href=\"https:\/\/christianebrandon.com\/index.php\/boutique\/\"><img loading=\"lazy\" decoding=\"async\" width=\"508\" height=\"207\" src=\"https:\/\/christianebrandon.com\/wp-content\/uploads\/2021\/04\/coffret.png\" alt=\"\" class=\"wp-image-108\" srcset=\"https:\/\/christianebrandon.com\/wp-content\/uploads\/2021\/04\/coffret.png 508w, https:\/\/christianebrandon.com\/wp-content\/uploads\/2021\/04\/coffret-300x122.png 300w\" sizes=\"auto, (max-width: 508px) 100vw, 508px\" \/><\/a><\/figure><\/div>\n\n\n\n<p class=\"has-black-color has-text-color has-medium-font-size\"><\/p>\n","protected":false},"excerpt":{"rendered":"<p>Tome 1: L&rsquo;univers de l&rsquo;\u00e9toile Le premier tome de cette trilogie raconte la vie, publique et priv\u00e9e, du chanteur \u00e0 travers les moments les plus importants de sa vie dont son arriv\u00e9e en France. Avec cette p\u00e9riode difficile, nous comprenons sa rage de s&rsquo;en sortir et son go\u00fbt pour la perfection. Nous verrons \u00e9galement les \u00e9v\u00e9nements apr\u00e8s son d\u00e9c\u00e8s. Vous retrouverez Janet, Isabelle, Kathleen, Coco et Marc ainsi que les clodettes et ses plus grands succ\u00e8s. (Re)plongez-vous dans un univers \u00e0 la fois court, riche et dynamique. Tome 2: Les coulisses de sa vie Ce second tome vous r\u00e9v\u00e8le le t\u00e9moignage de la s\u0153ur de Claude Fran\u00e7ois, Josette, vous expliquant leur enfance et les d\u00e9buts de Cloclo en tant que chanteur. De m\u00eame, les trois femmes les plus importantes de sa vie donneront leur point de vue. Vous (re)d\u00e9couvrirez le c\u00f4t\u00e9 \u00e0 la fois chanceux et malchanceux de l\u2019idole avec ses nombreux accidents et ses croyances mais \u00e9galement sa mort \u00e0 travers les yeux de Chouffa, sa maman. Nous verrons comment ses proches ont pu concevoir leurs avenirs sans Claude. Pour finir, nous ferrons le tour de ce qu\u2019il a laiss\u00e9 au patrimoine fran\u00e7ais et la gestion de celui-ci. Tome 3: Une personnalit\u00e9 enti\u00e8re, riche et complexe Le dernier tome de Notre idole, notre tout est un condens\u00e9 de t\u00e9moignages des proches de la star, allant de ses amis \u00e0 ses collaborateurs. Par exemple, venez dialoguer avec Michel Sardou, Michel Drucker, Johny Halliday et Sylvie Vartan ainsi que Nicole Fusil et Paul Ledermann. Ceux-ci vous d\u00e9voileront les projets qu&rsquo;ils auraient d\u00fb faire avec Claude Fran\u00e7ois. De m\u00eame, certaines clodettes vous raconteront ce qu&rsquo;elles sont devenues apr\u00e8s le d\u00e9c\u00e8s de leur patron. Si vous commandez les trois tomes simultan\u00e9ment sur Amazon ou sur la maison d&rsquo;\u00e9dition Sydney Laurent, vous recevrez gratuitement le coffret collector !<\/p>\n","protected":false},"author":1,"featured_media":0,"parent":0,"menu_order":0,"comment_status":"closed","ping_status":"closed","template":"","meta":{"_monsterinsights_skip_tracking":false,"_monsterinsights_sitenote_active":false,"_monsterinsights_sitenote_note":"","_monsterinsights_sitenote_category":0,"footnotes":""},"class_list":["post-19","page","type-page","status-publish","hentry"],"aioseo_notices":[],"_links":{"self":[{"href":"https:\/\/christianebrandon.com\/index.php\/wp-json\/wp\/v2\/pages\/19","targetHints":{"allow":["GET"]}}],"collection":[{"href":"https:\/\/christianebrandon.com\/index.php\/wp-json\/wp\/v2\/pages"}],"about":[{"href":"https:\/\/christianebrandon.com\/index.php\/wp-json\/wp\/v2\/types\/page"}],"author":[{"embeddable":true,"href":"https:\/\/christianebrandon.com\/index.php\/wp-json\/wp\/v2\/users\/1"}],"replies":[{"embeddable":true,"href":"https:\/\/christianebrandon.com\/index.php\/wp-json\/wp\/v2\/comments?post=19"}],"version-history":[{"count":15,"href":"https:\/\/christianebrandon.com\/index.php\/wp-json\/wp\/v2\/pages\/19\/revisions"}],"predecessor-version":[{"id":172,"href":"https:\/\/christianebrandon.com\/index.php\/wp-json\/wp\/v2\/pages\/19\/revisions\/172"}],"wp:attachment":[{"href":"https:\/\/christianebrandon.com\/index.php\/wp-json\/wp\/v2\/media?parent=19"}],"curies":[{"name":"wp","href":"https:\/\/api.w.org\/{rel}","templated":true}]}}