{"id":14,"date":"2021-03-30T15:33:36","date_gmt":"2021-03-30T14:33:36","guid":{"rendered":"https:\/\/christianebrandon.com\/?page_id=14"},"modified":"2023-10-08T16:38:39","modified_gmt":"2023-10-08T15:38:39","slug":"accueil","status":"publish","type":"page","link":"https:\/\/christianebrandon.com\/","title":{"rendered":"Bienvenu dans mon monde !"},"content":{"rendered":"\n<div style=\"height:48px\" aria-hidden=\"true\" class=\"wp-block-spacer\"><\/div>\n\n\n\n<hr class=\"wp-block-separator has-text-color has-alpha-channel-opacity has-background is-style-wide\" style=\"background-color:#bb9e4e;color:#bb9e4e\"\/>\n\n\n\n<div style=\"height:30px\" aria-hidden=\"true\" class=\"wp-block-spacer\"><\/div>\n\n\n\n<p class=\"has-text-align-center has-black-color has-text-color has-medium-font-size\"><\/p>\n\n\n\n<p class=\"has-text-align-center has-black-color has-text-color has-medium-font-size\">Entrez dans mon univers de biographe en d\u00e9couvrant mes biographies sur Alain Delon et Claude Fran\u00e7ois ainsi que celles qui na\u00eetront sur le monde artistique. Mon but est de rendre hommage \u00e0 certains artistes comme des chanteurs ou acteurs.<\/p>\n\n\n\n<p class=\"has-text-align-center has-black-color has-text-color has-medium-font-size\">Je vous invite \u00e0 faire un tour sur ma <a href=\"https:\/\/christianebrandon.com\/index.php\/boutique\/\" title=\"Boutique\">boutique<\/a> reli\u00e9e \u00e0 ma <a href=\"https:\/\/www.editions-amalthee.com\/\" target=\"_blank\" rel=\"noopener\" title=\"https:\/\/editions-sydney-laurent.fr\">maison d&rsquo;\u00e9dition<\/a>. Retrouvez ci-dessous les \u00e9v\u00e8nements cr\u00e9\u00e9s autour de mes livres, comme les s\u00e9ances de d\u00e9dicaces o\u00f9 je serais ravie de vous rencontrer. Pour toute question, n&rsquo;h\u00e9sitez pas \u00e0 <a href=\"https:\/\/christianebrandon.com\/index.php\/contact\/\" title=\"Contact\">me contacter<\/a>. <\/p>\n\n\n\n<div style=\"height:30px\" aria-hidden=\"true\" class=\"wp-block-spacer\"><\/div>\n\n\n\n<hr class=\"wp-block-separator has-text-color has-alpha-channel-opacity has-background is-style-wide\" style=\"background-color:#bb9e4e;color:#bb9e4e\"\/>\n\n\n\n<div style=\"height:94px\" aria-hidden=\"true\" class=\"wp-block-spacer\"><\/div>\n\n\n\n<h3 class=\"wp-block-heading has-black-color has-text-color\">Mes \u00e9v\u00e8nements<\/h3>\n\n\n\n<div style=\"height:64px\" aria-hidden=\"true\" class=\"wp-block-spacer\"><\/div>\n\n\n\t\t<div class=\"row_grid wpea_frontend_archive\" data-paged=\"1\" data-shortcode=\"{&quot;paged&quot;:1,&quot;posts_per_page&quot;:&quot;&quot;,&quot;col&quot;:&quot;2&quot;,&quot;ajaxpagi&quot;:&quot;no&quot;,&quot;past_events&quot;:&quot;&quot;,&quot;layout&quot;:&quot;style1&quot;,&quot;order&quot;:&quot;ASC&quot;,&quot;orderby&quot;:&quot;&quot;,&quot;start_date&quot;:&quot;&quot;,&quot;end_date&quot;:&quot;&quot;}\" >\n\t\t\tNo Events are found.\t\t<\/div>\n\t\t<style type=\"text\/css\">\n\t\t\t.wpea_frontend_archive .event_date{\n\t\t\t    background-color: #bb9e4e;\n\t\t\t}\n\t\t\t.wpea_frontend_archive .event_desc .event_title, .wpea_frontend_archive .event_desc a{\n\t\t\t    color: #bb9e4e;\n\t\t\t}\n\t\t<\/style>\n\t\t\n\n\n\n<div style=\"height:85px\" aria-hidden=\"true\" class=\"wp-block-spacer\"><\/div>\n","protected":false},"excerpt":{"rendered":"<p>Entrez dans mon univers de biographe en d\u00e9couvrant mes biographies sur Alain Delon et Claude Fran\u00e7ois ainsi que celles qui na\u00eetront sur le monde artistique. Mon but est de rendre hommage \u00e0 certains artistes comme des chanteurs ou acteurs. Je vous invite \u00e0 faire un tour sur ma boutique reli\u00e9e \u00e0 ma maison d&rsquo;\u00e9dition. Retrouvez ci-dessous les \u00e9v\u00e8nements cr\u00e9\u00e9s autour de mes livres, comme les s\u00e9ances de d\u00e9dicaces o\u00f9 je serais ravie de vous rencontrer. Pour toute question, n&rsquo;h\u00e9sitez pas \u00e0 me contacter. Mes \u00e9v\u00e8nements<\/p>\n","protected":false},"author":1,"featured_media":0,"parent":0,"menu_order":0,"comment_status":"closed","ping_status":"closed","template":"","meta":{"_monsterinsights_skip_tracking":false,"_monsterinsights_sitenote_active":false,"_monsterinsights_sitenote_note":"","_monsterinsights_sitenote_category":0,"footnotes":""},"class_list":["post-14","page","type-page","status-publish","hentry"],"aioseo_notices":[],"_links":{"self":[{"href":"https:\/\/christianebrandon.com\/index.php\/wp-json\/wp\/v2\/pages\/14","targetHints":{"allow":["GET"]}}],"collection":[{"href":"https:\/\/christianebrandon.com\/index.php\/wp-json\/wp\/v2\/pages"}],"about":[{"href":"https:\/\/christianebrandon.com\/index.php\/wp-json\/wp\/v2\/types\/page"}],"author":[{"embeddable":true,"href":"https:\/\/christianebrandon.com\/index.php\/wp-json\/wp\/v2\/users\/1"}],"replies":[{"embeddable":true,"href":"https:\/\/christianebrandon.com\/index.php\/wp-json\/wp\/v2\/comments?post=14"}],"version-history":[{"count":29,"href":"https:\/\/christianebrandon.com\/index.php\/wp-json\/wp\/v2\/pages\/14\/revisions"}],"predecessor-version":[{"id":458,"href":"https:\/\/christianebrandon.com\/index.php\/wp-json\/wp\/v2\/pages\/14\/revisions\/458"}],"wp:attachment":[{"href":"https:\/\/christianebrandon.com\/index.php\/wp-json\/wp\/v2\/media?parent=14"}],"curies":[{"name":"wp","href":"https:\/\/api.w.org\/{rel}","templated":true}]}}